{"id":15,"date":"2010-07-02T14:23:41","date_gmt":"2010-07-02T12:23:41","guid":{"rendered":"http:\/\/dorothee-elisabeth-tretschlaff.de\/?page_id=15"},"modified":"2020-11-18T15:21:44","modified_gmt":"2020-11-18T14:21:44","slug":"entwurf","status":"publish","type":"page","link":"https:\/\/www.dorothee-elisabeth-tretschlaff.de\/?page_id=15","title":{"rendered":"Stefka Ammon"},"content":{"rendered":"<p><strong><span style=\"color: #800000;\"><a href=\"http:\/\/dorothee-elisabeth-tretschlaff.de\/wp-content\/uploads\/2010\/07\/stefka_ammon_portrait.jpg\"><img loading=\"lazy\" decoding=\"async\" class=\"alignnone size-full wp-image-497\" title=\"stefka_ammon_portrait\" src=\"http:\/\/dorothee-elisabeth-tretschlaff.de\/wp-content\/uploads\/2010\/07\/stefka_ammon_portrait.jpg\" alt=\"\" width=\"246\" height=\"369\" srcset=\"https:\/\/www.dorothee-elisabeth-tretschlaff.de\/wp-content\/uploads\/2010\/07\/stefka_ammon_portrait.jpg 246w, https:\/\/www.dorothee-elisabeth-tretschlaff.de\/wp-content\/uploads\/2010\/07\/stefka_ammon_portrait-200x300.jpg 200w\" sizes=\"auto, (max-width: 246px) 100vw, 246px\" \/><\/a><\/span><\/strong><\/p>\n<h6><span style=\"color: #000000;\"><em>Foto: Christine Kisorsy<\/em><\/span><\/h6>\n<h4><\/h4>\n<p>Anl\u00e4sslich der ersten Ausgabe des Festivals UM, wurde ich im Mai 2008 zum ersten Mal durch Fergitz gef\u00fchrt. Dabei machte mich die Kollegin und damalige Kuratorin Ilona Kalnoky auf die Legende von einer Hexe aufmerksam, die in Fergitz hingerichtet worden sein soll. Ilona kennt meine Arbeiten und wei\u00df, wie mich die Wirkung von Projektionen und kulturell bedingten Vorstellungen besch\u00e4ftigen. Ich bin immer wieder fasziniert davon, wie sehr jeder von uns, auch wenn man um die Fiktionalit\u00e4t von Bilder- und Geschichtenproduktion (sei es in der Werbung, Magazinen, Romanen, Kino, etc.) wei\u00df, so dennoch diesen Illusionen und Scheinbildern mit ihrer nachhaltig pr\u00e4genden Wirkung ausgeliefert ist.\u00a0Diese Pr\u00e4gung durch produzierte Bilder und Geschichten beeinflusst zu jeder Zeit unsere Wahrnehmung von der Welt.<\/p>\n<p>Im Fall \u201eHexen\u201c gab es f\u00fcr mich zweierlei Vorstellungen: Mittelalter und zeitgen\u00f6ssische esoterische Frauenbuchl\u00e4den. Dann begann ich mit der Recherche. Ich wollte sehen, ob es m\u00f6glich war \u00fcber diese Geschichte etwas herauszufinden. Und sie entpuppte sich als soziales, juristisches und menschliches Drama, das obwohl historisch, so doch viel mehr in unsere Zeit hinein reicht, als mir das zun\u00e4chst vorstellbar erschien. Ich wollte dem Opfer ihren Namen und somit auch ihre W\u00fcrde zur\u00fcckgeben, die Legende abklopfen und soweit wie m\u00f6glich in Erfahrung bringen, was sich wirklich zugetragen hat.<\/p>\n<p>Durch die Kooperation mit Fergitzer B\u00fcrgern, der Pfarrei Gerswalde, den Historikern Frau Genschow, Herr Kohn (Museum Dominikanerkloster Prenzlau) und Frau Dr. Moeller (Martin-Luther-Universit\u00e4t Halle), Mitarbeitern des Archivs der Universit\u00e4t Greifswald, des Landeshauptarchivs Brandenburg, des Geheimen Preu\u00dfischen Staatsarchivs und der Fachreferentin f\u00fcr \u00e4lteres Recht in der Berliner Staatsbibliothek Dr. Hartwieg gelang es von M\u00e4rz bis Anfang September 2008 den Wahrheitsgehalt der Historie zu belegen. Wir haben auch den Hinweis, dass es sich bei Dorothee Elisabeth Tretschlaff, deren Namen erst in den \u00e4ltesten von uns entdeckten Dokumenten auftauchte, tats\u00e4chlich um das letzte Todesopfer der Hexenverfolgung in Brandenburg handelt.<\/p>\n<p><a title=\"www.stefka-ammon.de\" href=\"http:\/\/www.stefka-ammon.de\">www.stefka-ammon.de<\/a><\/p>\n","protected":false},"excerpt":{"rendered":"<p>Foto: Christine Kisorsy Anl\u00e4sslich der ersten Ausgabe des Festivals UM, wurde ich im Mai 2008 zum ersten Mal durch Fergitz gef\u00fchrt. Dabei machte mich die Kollegin und damalige Kuratorin Ilona Kalnoky auf die Legende von einer Hexe aufmerksam, die in Fergitz hingerichtet worden sein soll. Ilona kennt meine Arbeiten und wei\u00df, wie mich die Wirkung [&hellip;]<\/p>\n","protected":false},"author":1,"featured_media":0,"parent":0,"menu_order":11,"comment_status":"closed","ping_status":"closed","template":"","meta":{"footnotes":""},"class_list":["post-15","page","type-page","status-publish","hentry"],"_links":{"self":[{"href":"https:\/\/www.dorothee-elisabeth-tretschlaff.de\/index.php?rest_route=\/wp\/v2\/pages\/15","targetHints":{"allow":["GET"]}}],"collection":[{"href":"https:\/\/www.dorothee-elisabeth-tretschlaff.de\/index.php?rest_route=\/wp\/v2\/pages"}],"about":[{"href":"https:\/\/www.dorothee-elisabeth-tretschlaff.de\/index.php?rest_route=\/wp\/v2\/types\/page"}],"author":[{"embeddable":true,"href":"https:\/\/www.dorothee-elisabeth-tretschlaff.de\/index.php?rest_route=\/wp\/v2\/users\/1"}],"replies":[{"embeddable":true,"href":"https:\/\/www.dorothee-elisabeth-tretschlaff.de\/index.php?rest_route=%2Fwp%2Fv2%2Fcomments&post=15"}],"version-history":[{"count":47,"href":"https:\/\/www.dorothee-elisabeth-tretschlaff.de\/index.php?rest_route=\/wp\/v2\/pages\/15\/revisions"}],"predecessor-version":[{"id":865,"href":"https:\/\/www.dorothee-elisabeth-tretschlaff.de\/index.php?rest_route=\/wp\/v2\/pages\/15\/revisions\/865"}],"wp:attachment":[{"href":"https:\/\/www.dorothee-elisabeth-tretschlaff.de\/index.php?rest_route=%2Fwp%2Fv2%2Fmedia&parent=15"}],"curies":[{"name":"wp","href":"https:\/\/api.w.org\/{rel}","templated":true}]}}