{"id":38,"date":"2010-07-02T15:18:20","date_gmt":"2010-07-02T13:18:20","guid":{"rendered":"http:\/\/dorothee-elisabeth-tretschlaff.de\/?page_id=38"},"modified":"2020-11-18T17:31:32","modified_gmt":"2020-11-18T16:31:32","slug":"die-transkripte","status":"publish","type":"page","link":"https:\/\/www.dorothee-elisabeth-tretschlaff.de\/?page_id=38","title":{"rendered":"\u00c4lteste Sekund\u00e4rquelle"},"content":{"rendered":"<p><img loading=\"lazy\" decoding=\"async\" class=\"alignnone wp-image-432 size-full\" title=\"historicum_net02kl\" src=\"https:\/\/www.dorothee-elisabeth-tretschlaff.de\/wp-content\/uploads\/2010\/07\/historicum_net02.jpg\" alt=\"\" width=\"803\" height=\"664\" srcset=\"https:\/\/www.dorothee-elisabeth-tretschlaff.de\/wp-content\/uploads\/2010\/07\/historicum_net02.jpg 803w, https:\/\/www.dorothee-elisabeth-tretschlaff.de\/wp-content\/uploads\/2010\/07\/historicum_net02-300x248.jpg 300w\" sizes=\"auto, (max-width: 803px) 100vw, 803px\" \/><\/p>\n<p><em>Folterinstrumente VII &#8211; Zeichnung der Folterinstrumente\u00a0aus dem &#8222;Lippischen Magazin&#8220;, 1839,\u00a0Scanvorlage: Stadtmuseum Lemgo<\/em><\/p>\n<p>\u00a0<\/p>\n<p>\u00a0<\/p>\n<p><em><strong><strong><span style=\"color: #000000;\">1<\/span><\/strong>40 Jahre nach den Geschehnissen schreibt der Hofbeamte <a href=\"https:\/\/de.wikipedia.org\/wiki\/Friedrich_von_Raumer\">Friedrich von Raumer<\/a> 1841 einen \u00dcberblick \u00fcber die Hexenverfolgung in Brandenburg und notiert folgendes zu dem Fall aus Fergitz:<\/strong><\/em><\/p>\n<p>(&#8230;) \u00a0Im Jahre 1701 wurde ein nur 15 Jahr altes M\u00e4dchen zu Fergitz in der Uckermark der Zauberei (magiae) beschuldigt, und der Gerichtsherr, Obristlieutenant v. M\u00fcnchow\u00a0 lie\u00df ein gegen sie von der Universit\u00e4t Greifswald eingeholtes Urtheil, wonach sie mit dem Schwerdt hingerichtet werden sollte, wirklich vollstrecken.<\/p>\n<p>Diese Sache wurde denn doch auff\u00e4llig, der Hoffiscal mischte sich ein und forderte die Verantwortung des v. M\u00fcnchow. Dieser erkl\u00e4rte er sei gerade abwesend gewesen, verstehe auch keine jura, man m\u00f6ge sich an den Uckerm\u00e4rkischen Fiscal halten. der die Untersuchung gef\u00fchrt habe. Es zeigte sich nun, da\u00df die Ehefrau des von M\u00fcnchow, welche fest an solche Dinge glaubte, die Untersuchung veranla\u00dft hatte, von der in den Kr\u00fcgen viel wunderliche Reden gingen.<\/p>\n<p>Merkw\u00fcrdig ist der Bericht des uckerm\u00e4rksichen Hoffiscals B\u00f6ttchers, den man zur Begutachtung aufgefordert hatte. Er sagte, das Weib sei, ehe sie enthauptet, nicht einmal ordentlich defendiert worden, und habe sich bei Revision der Acten gezeigt, da\u00df es bei dem Weibe blo\u00df Melancolie gewesen. Den Umgang mit dem Satan habe sie zwar ausf\u00fchrlich gestanden, er habe ihr auf der Fiedel zum Tanz vorgespielt und Buhlerei mit ihr getrieben u.s.w., es sei aber unwahrscheinlich, denn sie habe einen Ort angegeben, wo das ihr vom Satan gegebene Geld liegen solle und es sei da nicht gefunden worden, auch beschreibe sie ausf\u00fchrlich nur das membrun virile des Teufels, ohne vom semen etwas wissen zu wollen (!). Wer habe auch je geh\u00f6rt , da\u00df der Satan, wenn er Menschen verf\u00fchren wollen, bei Tage in Gegenwart mehrerer Menschen gekommen sein und gegeigt habe. \u00dcber die Geistererscheinungen, das Gepolter u.s.w. seien die Zeugen nicht vernommen und nur etliche h\u00e4tten ausgesagt, es habe hin und her geflogen und gebrummet, wie eine Wespe. Dann seien Indicia von Melancolie da, und die Iudicantes h\u00e4tten besser gethan der Inquisitinn einen Medicum zuzuordnen und dessen Gutachten einzuholen, als auf den Tod zu erkennen, welches ohne Defension ergangene Urtheil nur Verwunderung erregen k\u00f6nne.<\/p>\n<p>Auf dies Gutachten des Hoffiscals erging am 2. Juni 1701 ein k\u00f6nigliches Rescript dahin, bei dem Proze\u00df sei freilich manches zu erinnern, da aber die Execution geschehen und dem v. M\u00fcnchow nichts zu imputieren sei, beruhe die Sache auf sich (&#8230;)<\/p>\n<h5>\u00a0<\/h5>\n<h5><em>Quelle:<br \/>\u201e<strong>A<\/strong>ctenm\u00e4\u00dfige Nachrichten von Hexenprozessen und Zaubereien in der Mark Brandenburg vom sechzehnten bis ins achtzehnte Jahrhundert.\u201c, vom Geh. Regierungs-Rathe Dr. Wilhem v. Raumer, 1841 Raumer, in: \u201eM\u00e4rkische Forschungen Band I, S. 261 &#8211; 262<\/em><\/h5>\n\n\n<p><\/p>\n","protected":false},"excerpt":{"rendered":"<p>Folterinstrumente VII &#8211; Zeichnung der Folterinstrumente\u00a0aus dem &#8222;Lippischen Magazin&#8220;, 1839,\u00a0Scanvorlage: Stadtmuseum Lemgo \u00a0 \u00a0 140 Jahre nach den Geschehnissen schreibt der Hofbeamte Friedrich von Raumer 1841 einen \u00dcberblick \u00fcber die Hexenverfolgung in Brandenburg und notiert folgendes zu dem Fall aus Fergitz: (&#8230;) \u00a0Im Jahre 1701 wurde ein nur 15 Jahr altes M\u00e4dchen zu Fergitz in [&hellip;]<\/p>\n","protected":false},"author":1,"featured_media":0,"parent":0,"menu_order":2,"comment_status":"closed","ping_status":"closed","template":"","meta":{"footnotes":""},"class_list":["post-38","page","type-page","status-publish","hentry"],"_links":{"self":[{"href":"https:\/\/www.dorothee-elisabeth-tretschlaff.de\/index.php?rest_route=\/wp\/v2\/pages\/38","targetHints":{"allow":["GET"]}}],"collection":[{"href":"https:\/\/www.dorothee-elisabeth-tretschlaff.de\/index.php?rest_route=\/wp\/v2\/pages"}],"about":[{"href":"https:\/\/www.dorothee-elisabeth-tretschlaff.de\/index.php?rest_route=\/wp\/v2\/types\/page"}],"author":[{"embeddable":true,"href":"https:\/\/www.dorothee-elisabeth-tretschlaff.de\/index.php?rest_route=\/wp\/v2\/users\/1"}],"replies":[{"embeddable":true,"href":"https:\/\/www.dorothee-elisabeth-tretschlaff.de\/index.php?rest_route=%2Fwp%2Fv2%2Fcomments&post=38"}],"version-history":[{"count":36,"href":"https:\/\/www.dorothee-elisabeth-tretschlaff.de\/index.php?rest_route=\/wp\/v2\/pages\/38\/revisions"}],"predecessor-version":[{"id":906,"href":"https:\/\/www.dorothee-elisabeth-tretschlaff.de\/index.php?rest_route=\/wp\/v2\/pages\/38\/revisions\/906"}],"wp:attachment":[{"href":"https:\/\/www.dorothee-elisabeth-tretschlaff.de\/index.php?rest_route=%2Fwp%2Fv2%2Fmedia&parent=38"}],"curies":[{"name":"wp","href":"https:\/\/api.w.org\/{rel}","templated":true}]}}