{"id":44,"date":"2010-07-02T15:34:47","date_gmt":"2010-07-02T13:34:47","guid":{"rendered":"http:\/\/dorothee-elisabeth-tretschlaff.de\/?page_id=44"},"modified":"2020-11-18T17:33:59","modified_gmt":"2020-11-18T16:33:59","slug":"die-transkripte-2","status":"publish","type":"page","link":"https:\/\/www.dorothee-elisabeth-tretschlaff.de\/?page_id=44","title":{"rendered":"\u00c4ltester Quellentext"},"content":{"rendered":"<p><img loading=\"lazy\" decoding=\"async\" class=\"alignnone wp-image-174 size-full\" title=\"transcript01\" src=\"https:\/\/www.dorothee-elisabeth-tretschlaff.de\/wp-content\/uploads\/2010\/07\/transcript01_gross.jpg\" alt=\"\" width=\"596\" height=\"842\" srcset=\"https:\/\/www.dorothee-elisabeth-tretschlaff.de\/wp-content\/uploads\/2010\/07\/transcript01_gross.jpg 596w, https:\/\/www.dorothee-elisabeth-tretschlaff.de\/wp-content\/uploads\/2010\/07\/transcript01_gross-212x300.jpg 212w\" sizes=\"auto, (max-width: 596px) 100vw, 596px\" \/><\/p>\n<p>Scan vom Original Bericht, Quelle:\u00a0Geheimes Staatsarchiv Preu\u00dfischer Kulturbesitz<\/p>\n<p><em><span style=\"color: #800000;\"><strong><span style=\"color: #000000;\">T<\/span><\/strong><\/span><strong><span style=\"color: #000000;\">ranskription<\/span><\/strong><strong> des Dokuments vom 22.02.1701<br \/>\n<\/strong>(das genaue Hinrichtungsdatum Dorothee Elisabthes l\u00e4\u00dft sich aus diesem Text rekonstruieren = Dienstag, \u201evergangener Donnerstag\u201c = 17.02.1701).<\/em><\/p>\n<p><span style=\"color: #800000;\"><strong><span style=\"color: #000000;\">B<\/span><\/strong><\/span><strong><span style=\"color: #000000;\">erl<\/span><\/strong><strong><span style=\"color: #000000;\">in den 22. Febr. 1701 Bericht des Hoff Fiscals Eberhard Marces<\/span><\/strong><\/p>\n<p><span style=\"color: #000000;\">A<\/span><span style=\"color: #000000;\">ller Durchlauchtigster Go\u00dfm\u00e4chtigster K\u00f6nig und Churf\u00fcrstl. Allergn\u00e4digster K\u00f6nig Churf\u00fcrst und Herr<\/span><\/p>\n<p><span style=\"color: #000000;\">A<\/span><span style=\"color: #000000;\">ls dieser tage in der UckerMarck einer allergnadigst commissirten unter suchung halber gewesen, habe erfahren da\u00df der Obrist wachtmeister von M\u00fcncho zu Fergitz einem jungen weibesst\u00fcck von ohngefehr 15 Jahren der Zauberey halber und vorgegebenen pacto cum Diabolo turch den UckerM\u00e4rckischen Fiscalem Rohten einen Processum formiren endlich die acta nach Greifswalte vorschicken und nach eingeholten Urthel dieselbe am vergangenen Donnerstag decolliren la\u00dfen. Nun werden hirvon unterschiedliche discurse gef\u00fchret, al\u00df wan keine gnugsahme jndicia verhanden und nuhr eine melancholie als pactum cum diabolo bey dem weibes St\u00fcck gewesen, bey diesen Process nicht zum besten verfahren, der inquisitin keine Rechte defension verstattet sondern nur so fohrt mit der Execution geeilet, ungeachtet der Hof- und Landrechte in der UckerMark angehalten da\u00df man ihm vorhero die ergangene acta vor der execution ad perlustradum und ob legitime verfahren, zusenden m\u00f6chte.<\/span><\/p>\n<p><span style=\"color: #000000;\">w<\/span><span style=\"color: #000000;\">eil aber also menschenblut vergo\u00dfen so habe Er. K\u00f6nig. Majest\u00e4t und Churfrst. turch tieses allerunterth\u00e4nigst, zu dennunciren, meinen allerunterth\u00e4nigstenpflichtiger gem\u00e4\u00df zu sein erachtet, dabey in gehohrsambster devotion anheimb stellend, ob nicht den Hof vnd Landrichter in der UckerMarck zu Demandiren das er die \/\/ ergangene inquisitions acta forderlichst abfordere, dieselbe geb\u00fchrend perlustrrire ob \u00fcberall legitime verfahren, und was f\u00fcr indicia verhanden gewesen, und davon zuferner aller gn\u00e4digsten Verordnung allerunterth\u00e4nigsten bericht abstatten\u00a0 [Gru\u00dfformel]<\/span><\/p>\n<p><span style=\"color: #000000;\">C<\/span><span style=\"color: #000000;\">\u00f6lln den 22. Februar 1701, Eberhardt Manes Fiscalis<\/span><\/p>\n<h5><em><strong><span style=\"color: #000000;\">\u00a0<\/span><\/strong><\/em><\/h5>\n<h5><\/h5>\n<h5><em><strong><span style=\"color: #000000;\">Transkription: \u00a0Dr. Katrin Moeller<\/span><\/strong><\/em><\/h5>\n","protected":false},"excerpt":{"rendered":"<p>Scan vom Original Bericht, Quelle:\u00a0Geheimes Staatsarchiv Preu\u00dfischer Kulturbesitz Transkription des Dokuments vom 22.02.1701 (das genaue Hinrichtungsdatum Dorothee Elisabthes l\u00e4\u00dft sich aus diesem Text rekonstruieren = Dienstag, \u201evergangener Donnerstag\u201c = 17.02.1701). Berlin den 22. Febr. 1701 Bericht des Hoff Fiscals Eberhard Marces Aller Durchlauchtigster Go\u00dfm\u00e4chtigster K\u00f6nig und Churf\u00fcrstl. Allergn\u00e4digster K\u00f6nig Churf\u00fcrst und Herr Als dieser tage [&hellip;]<\/p>\n","protected":false},"author":1,"featured_media":0,"parent":0,"menu_order":2,"comment_status":"closed","ping_status":"closed","template":"","meta":{"footnotes":""},"class_list":["post-44","page","type-page","status-publish","hentry"],"_links":{"self":[{"href":"https:\/\/www.dorothee-elisabeth-tretschlaff.de\/index.php?rest_route=\/wp\/v2\/pages\/44","targetHints":{"allow":["GET"]}}],"collection":[{"href":"https:\/\/www.dorothee-elisabeth-tretschlaff.de\/index.php?rest_route=\/wp\/v2\/pages"}],"about":[{"href":"https:\/\/www.dorothee-elisabeth-tretschlaff.de\/index.php?rest_route=\/wp\/v2\/types\/page"}],"author":[{"embeddable":true,"href":"https:\/\/www.dorothee-elisabeth-tretschlaff.de\/index.php?rest_route=\/wp\/v2\/users\/1"}],"replies":[{"embeddable":true,"href":"https:\/\/www.dorothee-elisabeth-tretschlaff.de\/index.php?rest_route=%2Fwp%2Fv2%2Fcomments&post=44"}],"version-history":[{"count":29,"href":"https:\/\/www.dorothee-elisabeth-tretschlaff.de\/index.php?rest_route=\/wp\/v2\/pages\/44\/revisions"}],"predecessor-version":[{"id":908,"href":"https:\/\/www.dorothee-elisabeth-tretschlaff.de\/index.php?rest_route=\/wp\/v2\/pages\/44\/revisions\/908"}],"wp:attachment":[{"href":"https:\/\/www.dorothee-elisabeth-tretschlaff.de\/index.php?rest_route=%2Fwp%2Fv2%2Fmedia&parent=44"}],"curies":[{"name":"wp","href":"https:\/\/api.w.org\/{rel}","templated":true}]}}