{"id":46,"date":"2010-07-02T15:35:35","date_gmt":"2010-07-02T13:35:35","guid":{"rendered":"http:\/\/dorothee-elisabeth-tretschlaff.de\/?page_id=46"},"modified":"2020-11-18T18:41:02","modified_gmt":"2020-11-18T17:41:02","slug":"das-behelfsdenkmal","status":"publish","type":"page","link":"https:\/\/www.dorothee-elisabeth-tretschlaff.de\/?page_id=46","title":{"rendered":"Kunstprojekt Behelfsdenkmal, 2008"},"content":{"rendered":"<p style=\"text-align: left;\">\n<p style=\"text-align: left;\">Das \u201eBehelfsdenkmal f\u00fcr Dorothee Elisabeth Tretschlaff\u201c bestand aus einer beschrifteten Holztafel und einem 10 cm tiefen Bodenschnitt. Das H\u00f6henniveau der Stra\u00dfen und Wege lag um das Jahr 1700 auf so d\u00fcnn besiedeltem Gebiet mit sandigen B\u00f6den nur ca. 10 cm unter heutigen Grasnarben. Mit der &#8222;Grabung&#8220; habe ich die zeitliche N\u00e4he des Vergangenen physisch erfahrbar gemacht.<\/p>\n<p style=\"text-align: center;\">\n<p><img loading=\"lazy\" decoding=\"async\" class=\"size-full wp-image-136 alignnone\" title=\"behelfsdenkmal01\" src=\"http:\/\/dorothee-elisabeth-tretschlaff.de\/wp-content\/uploads\/2010\/07\/behelfsdenkmal01.jpg\" alt=\"\" width=\"500\" height=\"332\" srcset=\"https:\/\/www.dorothee-elisabeth-tretschlaff.de\/wp-content\/uploads\/2010\/07\/behelfsdenkmal01.jpg 500w, https:\/\/www.dorothee-elisabeth-tretschlaff.de\/wp-content\/uploads\/2010\/07\/behelfsdenkmal01-300x199.jpg 300w\" sizes=\"auto, (max-width: 500px) 100vw, 500px\" \/>Behelfsdenkmal f\u00fcr Dorothee Elisabeth Tretschlaff, 2008, Erde, Holz, Absperrband, \u00a0Acrylfarbe\u00a0(Pigment: Caput Mortuum), Fotokopien, Klebeband, Filzstifte<\/p>\n<p><a href=\"http:\/\/dorothee-elisabeth-tretschlaff.de\/wp-content\/uploads\/2010\/07\/behelfsdenkmal02.jpg\"><img loading=\"lazy\" decoding=\"async\" class=\"size-full wp-image-138 alignnone\" title=\"behelfsdenkmal02\" src=\"http:\/\/dorothee-elisabeth-tretschlaff.de\/wp-content\/uploads\/2010\/07\/behelfsdenkmal02.jpg\" alt=\"\" width=\"500\" height=\"332\" srcset=\"https:\/\/www.dorothee-elisabeth-tretschlaff.de\/wp-content\/uploads\/2010\/07\/behelfsdenkmal02.jpg 500w, https:\/\/www.dorothee-elisabeth-tretschlaff.de\/wp-content\/uploads\/2010\/07\/behelfsdenkmal02-300x199.jpg 300w\" sizes=\"auto, (max-width: 500px) 100vw, 500px\" \/><\/a>Installationsansicht<\/p>\n<p><a href=\"http:\/\/dorothee-elisabeth-tretschlaff.de\/wp-content\/uploads\/2010\/07\/behelfsdenkmal03.jpg\"><img loading=\"lazy\" decoding=\"async\" class=\"alignnone size-full wp-image-140\" title=\"behelfsdenkmal03\" src=\"http:\/\/dorothee-elisabeth-tretschlaff.de\/wp-content\/uploads\/2010\/07\/behelfsdenkmal03.jpg\" alt=\"\" width=\"500\" height=\"332\" srcset=\"https:\/\/www.dorothee-elisabeth-tretschlaff.de\/wp-content\/uploads\/2010\/07\/behelfsdenkmal03.jpg 500w, https:\/\/www.dorothee-elisabeth-tretschlaff.de\/wp-content\/uploads\/2010\/07\/behelfsdenkmal03-300x199.jpg 300w\" sizes=\"auto, (max-width: 500px) 100vw, 500px\" \/><\/a><\/p>\n<p>Detail<\/p>\n<p style=\"text-align: left;\"><a href=\"http:\/\/dorothee-elisabeth-tretschlaff.de\/wp-content\/uploads\/2010\/07\/behelfsdenkmal04.jpg\"><img loading=\"lazy\" decoding=\"async\" class=\"alignnone size-full wp-image-141\" title=\"behelfsdenkmal04\" src=\"http:\/\/dorothee-elisabeth-tretschlaff.de\/wp-content\/uploads\/2010\/07\/behelfsdenkmal04.jpg\" alt=\"\" width=\"500\" height=\"458\" srcset=\"https:\/\/www.dorothee-elisabeth-tretschlaff.de\/wp-content\/uploads\/2010\/07\/behelfsdenkmal04.jpg 500w, https:\/\/www.dorothee-elisabeth-tretschlaff.de\/wp-content\/uploads\/2010\/07\/behelfsdenkmal04-300x274.jpg 300w\" sizes=\"auto, (max-width: 500px) 100vw, 500px\" \/><\/a><\/p>\n<p style=\"text-align: left;\">Detail (Vorderseite Tafel)<\/p>\n<p><a href=\"http:\/\/dorothee-elisabeth-tretschlaff.de\/wp-content\/uploads\/2010\/07\/behelfsdenkmal05.jpg\"><img loading=\"lazy\" decoding=\"async\" class=\"alignnone size-full wp-image-142\" title=\"behelfsdenkmal05\" src=\"http:\/\/dorothee-elisabeth-tretschlaff.de\/wp-content\/uploads\/2010\/07\/behelfsdenkmal05.jpg\" alt=\"\" width=\"500\" height=\"430\" srcset=\"https:\/\/www.dorothee-elisabeth-tretschlaff.de\/wp-content\/uploads\/2010\/07\/behelfsdenkmal05.jpg 500w, https:\/\/www.dorothee-elisabeth-tretschlaff.de\/wp-content\/uploads\/2010\/07\/behelfsdenkmal05-300x258.jpg 300w\" sizes=\"auto, (max-width: 500px) 100vw, 500px\" \/><\/a><\/p>\n<p>Detail (Recherche)<\/p>\n","protected":false},"excerpt":{"rendered":"<p>Das \u201eBehelfsdenkmal f\u00fcr Dorothee Elisabeth Tretschlaff\u201c bestand aus einer beschrifteten Holztafel und einem 10 cm tiefen Bodenschnitt. Das H\u00f6henniveau der Stra\u00dfen und Wege lag um das Jahr 1700 auf so d\u00fcnn besiedeltem Gebiet mit sandigen B\u00f6den nur ca. 10 cm unter heutigen Grasnarben. Mit der &#8222;Grabung&#8220; habe ich die zeitliche N\u00e4he des Vergangenen physisch erfahrbar [&hellip;]<\/p>\n","protected":false},"author":1,"featured_media":0,"parent":0,"menu_order":10,"comment_status":"closed","ping_status":"closed","template":"","meta":{"footnotes":""},"class_list":["post-46","page","type-page","status-publish","hentry"],"_links":{"self":[{"href":"https:\/\/www.dorothee-elisabeth-tretschlaff.de\/index.php?rest_route=\/wp\/v2\/pages\/46","targetHints":{"allow":["GET"]}}],"collection":[{"href":"https:\/\/www.dorothee-elisabeth-tretschlaff.de\/index.php?rest_route=\/wp\/v2\/pages"}],"about":[{"href":"https:\/\/www.dorothee-elisabeth-tretschlaff.de\/index.php?rest_route=\/wp\/v2\/types\/page"}],"author":[{"embeddable":true,"href":"https:\/\/www.dorothee-elisabeth-tretschlaff.de\/index.php?rest_route=\/wp\/v2\/users\/1"}],"replies":[{"embeddable":true,"href":"https:\/\/www.dorothee-elisabeth-tretschlaff.de\/index.php?rest_route=%2Fwp%2Fv2%2Fcomments&post=46"}],"version-history":[{"count":58,"href":"https:\/\/www.dorothee-elisabeth-tretschlaff.de\/index.php?rest_route=\/wp\/v2\/pages\/46\/revisions"}],"predecessor-version":[{"id":925,"href":"https:\/\/www.dorothee-elisabeth-tretschlaff.de\/index.php?rest_route=\/wp\/v2\/pages\/46\/revisions\/925"}],"wp:attachment":[{"href":"https:\/\/www.dorothee-elisabeth-tretschlaff.de\/index.php?rest_route=%2Fwp%2Fv2%2Fmedia&parent=46"}],"curies":[{"name":"wp","href":"https:\/\/api.w.org\/{rel}","templated":true}]}}