{"id":9,"date":"2010-07-04T09:12:54","date_gmt":"2010-07-04T07:12:54","guid":{"rendered":"http:\/\/dorothee-elisabeth-tretschlaff.de\/?page_id=9"},"modified":"2020-11-18T17:51:45","modified_gmt":"2020-11-18T16:51:45","slug":"projektwoche-in-prenzlau","status":"publish","type":"page","link":"https:\/\/www.dorothee-elisabeth-tretschlaff.de\/?page_id=9","title":{"rendered":"Symposium Hexenverfolgung, 2010"},"content":{"rendered":"<p><em><strong><span style=\"color: #800000;\"><img loading=\"lazy\" decoding=\"async\" class=\"alignnone wp-image-910 size-full\" title=\"Hexenturm_Prenzlau_kl\" src=\"https:\/\/www.dorothee-elisabeth-tretschlaff.de\/wp-content\/uploads\/2020\/11\/Hexenturm_prenzlau.jpg\" alt=\"\" width=\"406\" height=\"606\" srcset=\"https:\/\/www.dorothee-elisabeth-tretschlaff.de\/wp-content\/uploads\/2020\/11\/Hexenturm_prenzlau.jpg 406w, https:\/\/www.dorothee-elisabeth-tretschlaff.de\/wp-content\/uploads\/2020\/11\/Hexenturm_prenzlau-201x300.jpg 201w\" sizes=\"auto, (max-width: 406px) 100vw, 406px\" \/><\/span><\/strong><\/em><\/p>\n<p>Foto: J\u00fcrgen Theil<\/p>\n<h6><\/h6>\n<h6><\/h6>\n<h6><em>Der Hexenturm in Prenzlau<br \/>\n<\/em><\/h6>\n<p>Um die Hintergr\u00fcnde des Falles Tretschlaff, Fakten und Zeitumst\u00e4nde der Hexenverfolgung zu erhellen, wurde in Prenzlau in der Woche vom 11. &#8211; 17. September 2010 von Stefka Ammon in Kooperation mit dem Museum Dominikanerkloster\u00a0Prenzlau und gef\u00f6rdert von der Stadt Prenzlau (Programm Prenzlauer Profil) eine Themenwoche zum Thema organisiert.<\/p>\n<p>Die Zeit der Ereignisse um Dorothee (Fr\u00fche Neuzeit), die scheinbar so lange zur\u00fcckliegt, birgt eine Menge Parallelen <em>(Klimawandel, Glaubenskriege, \u00f6konomische Krisen, Bev\u00f6lkerungsr\u00fcckgang)<\/em> in Bezug auf die Umbr\u00fcche und Ver\u00e4nderungen, denen die Menschen sich auch heute in der Uckermark ausgesetzt sehen. Diese Zusammenh\u00e4nge wurden von den eingeladenen Referenten den Zuh\u00f6rern n\u00e4her gebracht. So konnte ein umfassender und vertiefter Einblick in das Ph\u00e4nomen der Hexenverfolgung jenseits g\u00e4ngiger Mythen und Projektionen erschlossen werden.<\/p>\n<p><span style=\"color: #800000;\"><strong>Unter den Links finden sie Zusammenfassungen der Vortr\u00e4ge:<\/strong><\/span><\/p>\n<p><strong>\u00a0<\/strong>Dr. Katrin Moeller, Halle\/Saale<br \/>\nAuftakt der Projektwoche im Rahmen des Festival Uckermark 10:<br \/>\n<a href=\"http:\/\/dorothee-elisabeth-tretschlaff.de\/?p=556\" target=\"_self\" rel=\"noopener noreferrer\"><strong>&#8222;Der Fall Tretschlaff&#8220;<\/strong><\/a><br \/>\nDr. Katrin Moeller unterst\u00fctzte als Historikerin die Recherchen von Stefka Ammon und kennt die Dokumente aus erster Hand. Am historischen Ort in Fergitz vermittelte sie zum Auftakt den tragischen Fall von Dorothee bzw. was an sp\u00e4rlichen Dokumenten belegbar ist. Dr. Katrin Moeller ist Koordinatorin beim Historikerportal: <a href=\"http:\/\/www.historicum.net\/themen\/hexenforschung\/\">www.historicum.net<\/a> und betreut dort den Bereich Hexenverfolgung.<\/p>\n<p>J\u00fcrgen Theil, Prenzlau<br \/>\nErster Vortrag: Wie war der Boden beschaffen, auf dem z.B. ein Hexenprozess \u201eplausibel\u201c erscheinen konnte?<br \/>\n<a href=\"http:\/\/dorothee-elisabeth-tretschlaff.de\/?p=559\"><strong>\u201eDer Drei\u00dfigj\u00e4hrige Krieg in der Uckermark im Spiegel zeitgen\u00f6ssischer Quellen\u201c<\/strong><\/a><br \/>\nDer Drei\u00dfigj\u00e4hrige Krieg (1618-1648) endete f\u00fcr die Uckermark mit einer verheerenden Bilanz \u2013 die Bev\u00f6lkerungszahl war drastisch gesunken, die Ernten und somit Einnahmen der Bauern und Grafen dahin, die Menschen waren verzweifelt. Wie und wie lange sich die Auswirkungen bemerkbar machten, er\u00f6rterte J\u00fcrgen Theil vom Geschichtsverein Uckermark anhand von zeitgen\u00f6ssischen Quellen.<\/p>\n<p>Hartmut Hegeler, Unna<br \/>\nZweiter Vortrag: Was genau passierte bei einer Anklage wegen Hexerei?<br \/>\n<a href=\"http:\/\/dorothee-elisabeth-tretschlaff.de\/?p=568\"><strong>\u201eMan soll sie verbrennen zu Tode\u201c <\/strong><\/a><br \/>\nDer pensionierte\u00a0 Theologe Hartmut Hegeler hat sich zu seiner Zeit als Lehrer auf Wunsch seiner Sch\u00fcler mit dem Thema Hexenverfolgung befassen \u201em\u00fcssen\u201c und war \u00fcberrascht, entsetzt und bewegt, was sich jenseits der gel\u00e4ufigen Vorstellungen und hinter dem vermeintlichen Esoterik- bis Kirchenschauermythos an Fakten und Schicksalen verbirgt. Seither forscht er leidenschaftlich in lokalen Archiven und kl\u00e4rt in Vortr\u00e4gen zu Thema auf.<\/p>\n<p>Gerhard Kohn, Prenzlau<br \/>\nDritter Vortrag: Was hat sich in Prenzlau und Umgebung zugetragen?<br \/>\n<a href=\"http:\/\/dorothee-elisabeth-tretschlaff.de\/?p=583\"><strong>\u201eHexenverfolgung in und um Prenzlau\u201c <\/strong><\/a><br \/>\nGerhard Kohn ist als Mitarbeiter des Museums ganz dicht an den Quellen und auf den Spuren der Vergangenheit \u2013 er kennt die Orte, an denen die traurigen Schicksale so vieler M\u00e4nner und Frauen in Prenzlau ihren Lauf nahmen.<\/p>\n<p>Silke Kamp, Potsdam<br \/>\nVierter Vortrag: Welche Schicksale bergen Brandenburgs Archive?<br \/>\n<a href=\"http:\/\/dorothee-elisabeth-tretschlaff.de\/?p=595\"><strong>\u201eVon Teufelsbannern und z\u00e4nkischen Weibern \u2013 Hexenprozesse in Brandenburg\u201c <\/strong><\/a><br \/>\nDen ersten Gesamt\u00fcberblick \u00fcber die Geschichte der Hexenverfolgung in Brandenburg hat Silke Kamp mit ihrer Magisterarbeit 2001 vorgelegt \u2013 lange wurde dieses Thema wissenschaftlich vernachl\u00e4ssigt. An konkreten Beispielen zeigte Kamp eindrucksvoll, spannend aufbereitet und fundiert, was sie in Archiven fand und wie sie die Dokumente dann wissenschaftlich ausgewertet hat: von Spezialisten der Volksmagie (Teufelsbannern, Wehm\u00fcttern) bis zu einfachen Leuten, die durch Zufall Opfer eines Hexenprozesses wurden.<\/p>\n<p>Marita Genesis, Potsdam<br \/>\nF\u00fcnfter Vortrag: Was passierte mit den \u00dcberresten der Opfer?<br \/>\n<a href=\"http:\/\/dorothee-elisabeth-tretschlaff.de\/?p=603\"><strong>\u201eGek\u00f6pft und verscharrt &#8211; Bestattungen auf dem Richtplatz. Eine arch\u00e4ologisch historische Betrachtung\u201c <\/strong><\/a><br \/>\nAls Arch\u00e4ologin und Historikerin besch\u00e4ftigt sich Marita Genesis mit den Themen Scharfrichter und Richtpl\u00e4tze: seit alters her legte man im Christentum Wert auf eine geb\u00fchrende Bestattung in geweihter Erde, man glaubte an die Auferstehung am J\u00fcngsten Tag. Die Niederlage der Toten in geheiligter Erde sollte dem Seelenheil dienen. Demzufolge galt eine Bestattung au\u00dferhalb des Friedhofs als Bestrafung. Was Grabungen an Richtst\u00e4tten zutage f\u00f6rdern, ist nicht nur schauerlich sondern zeigt eines ganz deutlich: wir stehen auf dem Boden unserer Geschichte und alles ist noch da&#8230;<\/p>\n<p>Dr. Vinzenz Czech, Potsdam<br \/>\nSechster Vortrag: Gibt es einen Zusammenhang zwischen der K\u00f6nigskr\u00f6nung Friedrichs III.\/I. am 18. Januar 1701 und dem Ende der Hexenverfolgung in dieser Zeit?<br \/>\n<strong> <a href=\"http:\/\/dorothee-elisabeth-tretschlaff.de\/?p=641\">&#8222;Vom Kurf\u00fcrsten zum K\u00f6nig. Friedrich III.\/I. von Brandenburg-Preu\u00dfen und die Rechtsprechung um 1700&#8220;<\/a><\/strong><br \/>\nDr. Vinzenz Czech lehrt und forscht am Lehrstuhl Landesgeschichte des Historischen Instituts der Universit\u00e4t Potsdam. Sein Schwerpunkt ist die Geschichte Brandenburg-Preu\u00dfens. Er wird die Geschichte Brandenburg\/ Preu\u00dfens in der Zeit des ersten Preu\u00dfenk\u00f6nigs auch im Hinblick auf das Ende der Hexenverfolgung erl\u00e4utern. Der Fall der Dorothee Tretschlaff hat Unmut geschaffen und dieser Unmut wurde geh\u00f6rt!<\/p>\n","protected":false},"excerpt":{"rendered":"<p>Foto: J\u00fcrgen Theil Der Hexenturm in Prenzlau Um die Hintergr\u00fcnde des Falles Tretschlaff, Fakten und Zeitumst\u00e4nde der Hexenverfolgung zu erhellen, wurde in Prenzlau in der Woche vom 11. &#8211; 17. September 2010 von Stefka Ammon in Kooperation mit dem Museum Dominikanerkloster\u00a0Prenzlau und gef\u00f6rdert von der Stadt Prenzlau (Programm Prenzlauer Profil) eine Themenwoche zum Thema organisiert. [&hellip;]<\/p>\n","protected":false},"author":1,"featured_media":0,"parent":0,"menu_order":9,"comment_status":"closed","ping_status":"closed","template":"","meta":{"footnotes":""},"class_list":["post-9","page","type-page","status-publish","hentry"],"_links":{"self":[{"href":"https:\/\/www.dorothee-elisabeth-tretschlaff.de\/index.php?rest_route=\/wp\/v2\/pages\/9","targetHints":{"allow":["GET"]}}],"collection":[{"href":"https:\/\/www.dorothee-elisabeth-tretschlaff.de\/index.php?rest_route=\/wp\/v2\/pages"}],"about":[{"href":"https:\/\/www.dorothee-elisabeth-tretschlaff.de\/index.php?rest_route=\/wp\/v2\/types\/page"}],"author":[{"embeddable":true,"href":"https:\/\/www.dorothee-elisabeth-tretschlaff.de\/index.php?rest_route=\/wp\/v2\/users\/1"}],"replies":[{"embeddable":true,"href":"https:\/\/www.dorothee-elisabeth-tretschlaff.de\/index.php?rest_route=%2Fwp%2Fv2%2Fcomments&post=9"}],"version-history":[{"count":39,"href":"https:\/\/www.dorothee-elisabeth-tretschlaff.de\/index.php?rest_route=\/wp\/v2\/pages\/9\/revisions"}],"predecessor-version":[{"id":911,"href":"https:\/\/www.dorothee-elisabeth-tretschlaff.de\/index.php?rest_route=\/wp\/v2\/pages\/9\/revisions\/911"}],"wp:attachment":[{"href":"https:\/\/www.dorothee-elisabeth-tretschlaff.de\/index.php?rest_route=%2Fwp%2Fv2%2Fmedia&parent=9"}],"curies":[{"name":"wp","href":"https:\/\/api.w.org\/{rel}","templated":true}]}}